{"id":739,"date":"2021-06-30T12:32:39","date_gmt":"2021-06-30T12:32:39","guid":{"rendered":"https:\/\/www.schwimmchamps.at\/?page_id=739"},"modified":"2026-04-19T11:18:12","modified_gmt":"2026-04-19T11:18:12","slug":"agb","status":"publish","type":"page","link":"https:\/\/www.schwimmchamps.at\/?page_id=739","title":{"rendered":"AGB"},"content":{"rendered":"\t\t<div data-elementor-type=\"wp-page\" data-elementor-id=\"739\" class=\"elementor elementor-739\">\n\t\t\t\t\t\t\t\t\t<section class=\"elementor-section elementor-top-section elementor-element elementor-element-af2c746 elementor-section-boxed elementor-section-height-default elementor-section-height-default\" data-id=\"af2c746\" data-element_type=\"section\">\n\t\t\t\t\t\t<div class=\"elementor-container elementor-column-gap-default\">\n\t\t\t\t\t<div class=\"elementor-column elementor-col-100 elementor-top-column elementor-element elementor-element-99abfa6\" data-id=\"99abfa6\" data-element_type=\"column\">\n\t\t\t<div class=\"elementor-widget-wrap elementor-element-populated\">\n\t\t\t\t\t\t\t\t<div class=\"elementor-element elementor-element-1215c64 elementor-widget elementor-widget-text-editor\" data-id=\"1215c64\" data-element_type=\"widget\" data-widget_type=\"text-editor.default\">\n\t\t\t\t<div class=\"elementor-widget-container\">\n\t\t\t\t\t\t\t<p><strong>AGBs Schwimmschule Schwimmchamps<\/strong><\/p>\n<ol>\n<li>Vor Buchung des Kurses wird \u00fcberpr\u00fcft, ob der Teilnehmer grunds\u00e4tzlich bereit ist, ins Wasser zu gehen und mit einem Erwachsenen zusammen zu arbeiten. Die Kurskosten k\u00f6nnen aufgrund von unkooperativen Verhalten nicht r\u00fcckerstattet werden.&nbsp;<\/li>\n<li>Erziehungsberechtigte haben das Recht, ihr Kind im Wasser zu begleiten, sollte dies zur Erf\u00fcllung der Ziele des Schwimmkurses dienlich sein.<\/li>\n<li>Verschiebungen einzelner Tage bzw. Absagen w\u00e4hrend des Kurses sind nicht m\u00f6glich. Es entsteht kein Anspruch auf etwaige Kompensation.<\/li>\n<li>Sollte es aus ernsthaften gesundheitlichen Gr\u00fcnden nicht m\u00f6glich sein, den Kurs wahrzunehmen, so kann dieser bis 24 Stunden vor dem ersten Kurstag eine Stornierung beantragt werden. Die Stornogeb\u00fchr betr\u00e4gt 50% des gesamten Kursbetrags.&nbsp;<\/li>\n<li>Es besteht kein gesetzliches R\u00fccktrittsrecht vom Vertrag. Die Dienstleistung steht im Zusammenhang mit Freizeitbet\u00e4tigungen, f\u00fcr die Vertragserf\u00fcllung ein bestimmter Zeitpunkt bzw. Zeitraum vertraglich vorgesehen ist (vgl dazu \u00a7 18 Abs 1 Z 10 FAGG).<\/li>\n<li>In Absprache mit Schwimmschule Schwimmchamps kann im Falle von Abwesenheit der Platz f\u00fcr den betreffenden Termin an Neukunden (Kunden, die bisher keinen Kontakt mit Schwimmschule Schwimmchamps aufgenommen haben) weiter gegeben werden. Der Termin kann nicht zu einem sp\u00e4teren Zeitpunkt nachgeholt werden.<\/li>\n<li>Gebuchtes Guthaben kann bis inklusive der Folgesaison eingel\u00f6st werden.<\/li>\n<li>Personaltrainings und Schwimmkurse finden auch bei m\u00e4\u00dfigem Wetter oder bei schlechter Wettvorhersage grunds\u00e4tzlich f\u00fcr alle Teilnehmer statt. Bei extremen Wetterbedingungen, wie bei akutem Gewitter k\u00f6nnen diese von der Schwimmschule Schwimmchamps ins Hallenbad (selbe Uhrzeit, Kurse in der Region Wienerwald finden im Hallenbad Donausplah Tulln statt) oder auf einen anderen Termin verschoben werden.&nbsp;<\/li>\n<li>Kursteilnehmer k\u00f6nnen sich kostenlos einen Neoprenanzug ausborgen, sollte dies aufgrund der Witterung erforderlich sein.<\/li>\n<li>Die geplante Gruppengr\u00f6\u00dfe der Kurse kann aus organisatorischen Gr\u00fcnden erh\u00f6ht oder verringert werden. Die geplante Gruppengr\u00f6\u00dfe wird in jedem Kurs angestrebt.&nbsp;<\/li>\n<li>Schwimmschule Schwimmchamps ist von jeglicher Aufsichtspflicht f\u00fcr Teilnehmer vor Kursbeginn bzw. nach Kursende entbunden. Begleitpersonen sind f\u00fcr die \u00dcbergabe der Teilnehmer vor Beginn des Kurses (Kinderbecken\/Schwimmbecken) und f\u00fcr die \u00dcbernahme nach Ende des Kurses verantwortlich.<\/li>\n<li>Eltern der teilnehmenden Kinder versichern, dass Kinder \u00fcber die k\u00f6rperliche Gesundheit aufweisen, den Kurs zu bew\u00e4ltigen, bzw. dass diese an keinerlei gef\u00e4hrliche, ansteckender Krankheiten leiden.<\/li>\n<li>Eintrittspreise sind von den Begleitpersonen bzw. Teilnehmern selbst zu entrichten.<\/li>\n<li>Die Schwimmkurse werden von Schwimmschule Schwimmchamps veranstaltet. Ein Anspruch auf einen bestimmten Schwimmtrainer gibt es nicht.&nbsp;<\/li>\n<li>Mit der Unterzeichnung des Anmeldeformulars ist der Vertrag bindend. Bei Nichteinzahlung werden die entsprechenden Forderungen geltend gemacht. Im Falle, dass die Kursgeb\u00fchr nach m\u00fcndlicher bzw. schriftlicher Anmeldung beglichen wurde, gilt die Kursanmeldung als verbindlich.<\/li>\n<li>Es gibt keinen Anspruch auf R\u00fcckerstattung aufgrund etwaiger Kontextbedingungen wie Wetter, Art des Bades, Gew\u00e4sser oder Wassertemperatur. Die Teilnehmer bzw. Erziehungsberechtigenden der Teilnehmer informieren sich vorab \u00fcber etwaige Kontextbedingungen.<\/li>\n<li>Die Teilnehmer sind rechtzeitig, kurz vor ab des Kurses beim vereinbarten Ort und planen Zeit ein, den Standort des Schwimmkursrs rechtzeitig zu finden. Es gibt keinen Anspruch auf R\u00fcckerstattung, sollten der Teilnehmer den\/ die SchwimmtrainerIn bzw. den Kurs nicht finden.&nbsp;<\/li>\n<li>Kursteilnehmer k\u00f6nnen eine Versicherung gegen Schlechtwetter oder gegen Krankheitsausf\u00e4lle&nbsp; abschlie\u00dfen. Versicherungsleistungen treten in , sofern im Rahmen des Anmeldeprozesses das entsprechende Formular unterzeichnet wurde und die&nbsp; Versicherungsgeb\u00fchr&nbsp; beglichen wurde.<\/li><li><p data-pm-slice=\"0 0 []\">Das Nicht-Unterzeichnen der AGB entbindet den Kunden nicht von den vertraglichen Rechten und Pflichten. Eine Anmeldung per WhatsApp oder eine \u00dcberweisung stellen einen Vertragsabschluss dar, sofern dem Kunden das Anmeldeformular einschlie\u00dflich der AGB vorab zur Verf\u00fcgung gestellt wurde.<\/p><\/li>\n<li>Schwimmschule Schwimmchamps beh\u00e4lt sich \u00c4nderungen vor, sollte dies aufgrund von organisatorischen Gr\u00fcnden bzw. gegebener Rahmenbedingungen erforderlich sein.<\/li>\n<\/ol>\t\t\t\t\t\t<\/div>\n\t\t\t\t<\/div>\n\t\t\t\t\t<\/div>\n\t\t<\/div>\n\t\t\t\t\t\t\t<\/div>\n\t\t<\/section>\n\t\t\t\t\t\t\t<\/div>\n\t\t","protected":false},"excerpt":{"rendered":"<p>AGBs Schwimmschule Schwimmchamps Vor Buchung des Kurses wird \u00fcberpr\u00fcft, ob der Teilnehmer grunds\u00e4tzlich bereit ist, ins Wasser zu gehen und mit einem Erwachsenen zusammen zu arbeiten. Die Kurskosten k\u00f6nnen aufgrund von unkooperativen Verhalten nicht r\u00fcckerstattet werden.&nbsp; Erziehungsberechtigte haben das Recht, ihr Kind im Wasser zu begleiten, sollte dies zur Erf\u00fcllung der Ziele des Schwimmkurses dienlich [&hellip;]<\/p>\n","protected":false},"author":1,"featured_media":0,"parent":0,"menu_order":0,"comment_status":"closed","ping_status":"closed","template":"","meta":{"_mi_skip_tracking":false,"footnotes":""},"class_list":["post-739","page","type-page","status-publish","hentry"],"_links":{"self":[{"href":"https:\/\/www.schwimmchamps.at\/index.php?rest_route=\/wp\/v2\/pages\/739","targetHints":{"allow":["GET"]}}],"collection":[{"href":"https:\/\/www.schwimmchamps.at\/index.php?rest_route=\/wp\/v2\/pages"}],"about":[{"href":"https:\/\/www.schwimmchamps.at\/index.php?rest_route=\/wp\/v2\/types\/page"}],"author":[{"embeddable":true,"href":"https:\/\/www.schwimmchamps.at\/index.php?rest_route=\/wp\/v2\/users\/1"}],"replies":[{"embeddable":true,"href":"https:\/\/www.schwimmchamps.at\/index.php?rest_route=%2Fwp%2Fv2%2Fcomments&post=739"}],"version-history":[{"count":60,"href":"https:\/\/www.schwimmchamps.at\/index.php?rest_route=\/wp\/v2\/pages\/739\/revisions"}],"predecessor-version":[{"id":5449,"href":"https:\/\/www.schwimmchamps.at\/index.php?rest_route=\/wp\/v2\/pages\/739\/revisions\/5449"}],"wp:attachment":[{"href":"https:\/\/www.schwimmchamps.at\/index.php?rest_route=%2Fwp%2Fv2%2Fmedia&parent=739"}],"curies":[{"name":"wp","href":"https:\/\/api.w.org\/{rel}","templated":true}]}}